{"id":3460,"date":"2022-02-16T12:05:25","date_gmt":"2022-02-16T11:05:25","guid":{"rendered":"https:\/\/www.weitzer-waermeparkett.com\/systempartner\/"},"modified":"2024-08-19T13:08:31","modified_gmt":"2024-08-19T11:08:31","slug":"rendszerpartner","status":"publish","type":"page","link":"https:\/\/www.weitzer-waermeparkett.com\/hu\/rendszerpartner\/","title":{"rendered":"Rendszerpartner"},"content":{"rendered":"<div id=\"ep-block-page-header-block_085965bdb3b291ee5a885b141f4d700b\" class=\"ep-block-page-header ep-block  chosen-bg-theme-beige type-4\">\n            <div class=\"show-frontend\">\n\n            <div class=\"inner\">\n                                \n                <div class=\"container mx-auto\" style=\"\">\n                    <div class=\"text-container\">\n\n                                                    <div class=\"breadcrumbs-wrapper\">\n                                <span><span><a href=\"https:\/\/www.weitzer-waermeparkett.com\/hu\/\">Home<\/a><\/span><\/span>\n                            <\/div>\n                        \n                                                    <h1>Rendszerpartner<\/h1>\n                        \n                                                    <div class=\"text-wrapper\"><h2>Weitzer rendszermegold\u00e1s<\/h2>\n<p><\/br><br \/>\nEgyre t\u00f6bb innovat\u00edv \u00e9s magas fenntarthat\u00f3s\u00e1gi tudatoss\u00e1ggal rendelkez\u0151 v\u00e1llalat d\u00f6nt \u00fagy, hogy projektjeiben a Weitzer F\u0171t\u00f6tt Parkett\u00e1t v\u00e1lasztja rendszermegold\u00e1sk\u00e9nt. Kicsi helyig\u00e9nye, alacsony telep\u00edt\u00e9si k\u00f6lts\u00e9gek, gyors telep\u00edt\u00e9s, karbantart\u00e1smentess\u00e9g \u00e9s alacsony m\u0171k\u00f6d\u00e9si k\u00f6lts\u00e9gek gy\u0151zik meg rendszerpartnereinket \u00e9s azok \u00fcgyfeleit.<\/p>\n<\/div>\n                        \n                        \n                                            <\/div>\n                <\/div>\n            <\/div>\n\n                    <\/div>\n    <\/div>\n\n\n<div id=\"ep-block-spacer-block_9712e6950f7d73f2f5283712b5a23aa0\" class=\"ep-block-spacer ep-block  chosen-\">\n            <div class=\"show-frontend\">\n                        <style>\n                #ep-spacer-kgfFj {\n                    height: 100px;\n                }\n                @media (max-width: 767px) {\n                    #ep-spacer-kgfFj {\n                        height: 40px;\n                    }\n                }\n                @media (min-width: 768px) and (max-width: 1023px) {\n                    #ep-spacer-kgfFj {\n                        height: 60px;\n                    }\n                }\n            <\/style>\n            <div id=\"ep-spacer-kgfFj\"><\/div>\n        <\/div>\n    <\/div>\n\n<div id=\"ep-block-teaser-block_839f98fe28a042b55093bb57b250983c\" class=\"ep-block-teaser ep-block  chosen-bg-white\">\n            <div class=\"show-frontend style-1\">\n            <div class=\"rectangle rectangle-1\"><\/div>\n            <div class=\"rectangle rectangle-2\"><\/div>\n            <div class=\"holder\">\n\n                                                \n                <div class=\"position-wrapper\">\n                                                                                                                                                                    <div class=\"image-wrapper\">                             <picture>\n                                <source srcset=\"https:\/\/www.weitzer-waermeparkett.com\/wp-content\/uploads\/2022\/08\/systempartner-wood-cube-582x388-c-center.png 1x\" media=\"(min-width: 1024px)\"\/>\n                                                                \n                                <img decoding=\"async\" src=\"https:\/\/www.weitzer-waermeparkett.com\/wp-content\/uploads\/2022\/08\/systempartner-wood-cube-582x388-c-center.png\" alt=\"\" title=\"systempartner-wood-cube\"\/>\n                                \n                            <\/picture>\n                        <\/div>\n                    \n                    <div class=\"text-wrapper\">\n                                                    <h2>\n                                \n                                WoodCube GmbH\n                                \n                            <\/h2>\n                        \n                                                    <div class=\"text\"><p>Mitterlingweg 3<br \/>\nA 9520 Sattendorf<\/p>\n<p>Kapcsolat<br \/>\nTel: <a href=\"tel:0043424320335\">+43 (42 43) 20 335<\/a><br \/>\nE-Mail: <a href=\"mailto:info@wood-cube.com\">info@wood-cube.com<\/a><\/p>\n<\/div>\n                        \n                        \n                    <\/div>\n                <\/div>\n            <\/div>\n        <\/div>\n    <\/div>\n\n<div id=\"ep-block-teaser-block_b8b161b698288920a7cc5b013342ca44\" class=\"ep-block-teaser ep-block  chosen-bg-white\">\n            <div class=\"show-frontend style-2\">\n            <div class=\"rectangle rectangle-1\"><\/div>\n            <div class=\"rectangle rectangle-2\"><\/div>\n            <div class=\"holder\">\n\n                                                \n                <div class=\"position-wrapper\">\n                                                                                                                                                                    <div class=\"image-wrapper\">                             <picture>\n                                <source srcset=\"https:\/\/www.weitzer-waermeparkett.com\/wp-content\/uploads\/2022\/08\/systempartner-daxbox-582x388-c-center.png 1x\" media=\"(min-width: 1024px)\"\/>\n                                                                \n                                <img decoding=\"async\" src=\"https:\/\/www.weitzer-waermeparkett.com\/wp-content\/uploads\/2022\/08\/systempartner-daxbox-582x388-c-center.png\" alt=\"\" title=\"systempartner-daxbox\"\/>\n                                \n                            <\/picture>\n                        <\/div>\n                    \n                    <div class=\"text-wrapper\">\n                                                    <h2>\n                                \n                                DaxBox GmbH\n                                \n                            <\/h2>\n                        \n                                                    <div class=\"text\"><p>Aderstrasse 50<br \/>\nA-4850 Timelkam<\/p>\n<p>Kapcsolat<br \/>\nTel: <a href=\"tel:0043676844433100\">+43 676 844433100<\/a><br \/>\nE-Mail: <a href=\"mailto:info@daxbox.at\">info@daxbox.at<\/a><\/p>\n<\/div>\n                        \n                        \n                    <\/div>\n                <\/div>\n            <\/div>\n        <\/div>\n    <\/div>\n\n<div id=\"ep-block-spacer-block_9712e6950f7d73f2f5283712b5a23aa0\" class=\"ep-block-spacer ep-block  chosen-\">\n            <div class=\"show-frontend\">\n                        <style>\n                #ep-spacer-GuwbF {\n                    height: 100px;\n                }\n                @media (max-width: 767px) {\n                    #ep-spacer-GuwbF {\n                        height: 40px;\n                    }\n                }\n                @media (min-width: 768px) and (max-width: 1023px) {\n                    #ep-spacer-GuwbF {\n                        height: 60px;\n                    }\n                }\n            <\/style>\n            <div id=\"ep-spacer-GuwbF\"><\/div>\n        <\/div>\n    <\/div>","protected":false},"excerpt":{"rendered":"","protected":false},"author":1,"featured_media":0,"parent":0,"menu_order":0,"comment_status":"closed","ping_status":"closed","template":"","meta":{"_acf_changed":false,"footnotes":""},"class_list":["post-3460","page","type-page","status-publish","hentry"],"acf":[],"yoast_head":"<!-- This site is optimized with the Yoast SEO plugin v27.1.1 - https:\/\/yoast.com\/product\/yoast-seo-wordpress\/ -->\n<title>Rendszerpartner - W\u00e4rmeparkett<\/title>\n<meta name=\"robots\" content=\"index, follow, max-snippet:-1, max-image-preview:large, max-video-preview:-1\" \/>\n<link rel=\"canonical\" href=\"https:\/\/www.weitzer-waermeparkett.com\/hu\/rendszerpartner\/\" \/>\n<meta property=\"og:locale\" content=\"hu_HU\" \/>\n<meta property=\"og:type\" content=\"article\" \/>\n<meta property=\"og:title\" content=\"Rendszerpartner - W\u00e4rmeparkett\" \/>\n<meta property=\"og:url\" content=\"https:\/\/www.weitzer-waermeparkett.com\/hu\/rendszerpartner\/\" \/>\n<meta property=\"og:site_name\" content=\"W\u00e4rmeparkett\" \/>\n<meta property=\"article:modified_time\" content=\"2024-08-19T11:08:31+00:00\" \/>\n<meta name=\"twitter:card\" content=\"summary_large_image\" \/>\n<script type=\"application\/ld+json\" class=\"yoast-schema-graph\">{\"@context\":\"https:\/\/schema.org\",\"@graph\":[{\"@type\":\"WebPage\",\"@id\":\"https:\/\/www.weitzer-waermeparkett.com\/hu\/rendszerpartner\/\",\"url\":\"https:\/\/www.weitzer-waermeparkett.com\/hu\/rendszerpartner\/\",\"name\":\"Rendszerpartner - W\u00e4rmeparkett\",\"isPartOf\":{\"@id\":\"https:\/\/www.weitzer-waermeparkett.com\/hu\/#website\"},\"datePublished\":\"2022-02-16T11:05:25+00:00\",\"dateModified\":\"2024-08-19T11:08:31+00:00\",\"breadcrumb\":{\"@id\":\"https:\/\/www.weitzer-waermeparkett.com\/hu\/rendszerpartner\/#breadcrumb\"},\"inLanguage\":\"hu\",\"potentialAction\":[{\"@type\":\"ReadAction\",\"target\":[\"https:\/\/www.weitzer-waermeparkett.com\/hu\/rendszerpartner\/\"]}]},{\"@type\":\"BreadcrumbList\",\"@id\":\"https:\/\/www.weitzer-waermeparkett.com\/hu\/rendszerpartner\/#breadcrumb\",\"itemListElement\":[{\"@type\":\"ListItem\",\"position\":1,\"name\":\"Home\",\"item\":\"https:\/\/www.weitzer-waermeparkett.com\/hu\/\"},{\"@type\":\"ListItem\",\"position\":2,\"name\":\"Rendszerpartner\"}]},{\"@type\":\"WebSite\",\"@id\":\"https:\/\/www.weitzer-waermeparkett.com\/hu\/#website\",\"url\":\"https:\/\/www.weitzer-waermeparkett.com\/hu\/\",\"name\":\"W\u00e4rmeparkett\",\"description\":\"Die smarte Art zu heizen.\",\"potentialAction\":[{\"@type\":\"SearchAction\",\"target\":{\"@type\":\"EntryPoint\",\"urlTemplate\":\"https:\/\/www.weitzer-waermeparkett.com\/hu\/?s={search_term_string}\"},\"query-input\":{\"@type\":\"PropertyValueSpecification\",\"valueRequired\":true,\"valueName\":\"search_term_string\"}}],\"inLanguage\":\"hu\"}]}<\/script>\n<!-- \/ Yoast SEO plugin. -->","yoast_head_json":{"title":"Rendszerpartner - W\u00e4rmeparkett","robots":{"index":"index","follow":"follow","max-snippet":"max-snippet:-1","max-image-preview":"max-image-preview:large","max-video-preview":"max-video-preview:-1"},"canonical":"https:\/\/www.weitzer-waermeparkett.com\/hu\/rendszerpartner\/","og_locale":"hu_HU","og_type":"article","og_title":"Rendszerpartner - W\u00e4rmeparkett","og_url":"https:\/\/www.weitzer-waermeparkett.com\/hu\/rendszerpartner\/","og_site_name":"W\u00e4rmeparkett","article_modified_time":"2024-08-19T11:08:31+00:00","twitter_card":"summary_large_image","schema":{"@context":"https:\/\/schema.org","@graph":[{"@type":"WebPage","@id":"https:\/\/www.weitzer-waermeparkett.com\/hu\/rendszerpartner\/","url":"https:\/\/www.weitzer-waermeparkett.com\/hu\/rendszerpartner\/","name":"Rendszerpartner - W\u00e4rmeparkett","isPartOf":{"@id":"https:\/\/www.weitzer-waermeparkett.com\/hu\/#website"},"datePublished":"2022-02-16T11:05:25+00:00","dateModified":"2024-08-19T11:08:31+00:00","breadcrumb":{"@id":"https:\/\/www.weitzer-waermeparkett.com\/hu\/rendszerpartner\/#breadcrumb"},"inLanguage":"hu","potentialAction":[{"@type":"ReadAction","target":["https:\/\/www.weitzer-waermeparkett.com\/hu\/rendszerpartner\/"]}]},{"@type":"BreadcrumbList","@id":"https:\/\/www.weitzer-waermeparkett.com\/hu\/rendszerpartner\/#breadcrumb","itemListElement":[{"@type":"ListItem","position":1,"name":"Home","item":"https:\/\/www.weitzer-waermeparkett.com\/hu\/"},{"@type":"ListItem","position":2,"name":"Rendszerpartner"}]},{"@type":"WebSite","@id":"https:\/\/www.weitzer-waermeparkett.com\/hu\/#website","url":"https:\/\/www.weitzer-waermeparkett.com\/hu\/","name":"W\u00e4rmeparkett","description":"Die smarte Art zu heizen.","potentialAction":[{"@type":"SearchAction","target":{"@type":"EntryPoint","urlTemplate":"https:\/\/www.weitzer-waermeparkett.com\/hu\/?s={search_term_string}"},"query-input":{"@type":"PropertyValueSpecification","valueRequired":true,"valueName":"search_term_string"}}],"inLanguage":"hu"}]}},"_links":{"self":[{"href":"https:\/\/www.weitzer-waermeparkett.com\/hu\/wp-json\/wp\/v2\/pages\/3460","targetHints":{"allow":["GET"]}}],"collection":[{"href":"https:\/\/www.weitzer-waermeparkett.com\/hu\/wp-json\/wp\/v2\/pages"}],"about":[{"href":"https:\/\/www.weitzer-waermeparkett.com\/hu\/wp-json\/wp\/v2\/types\/page"}],"author":[{"embeddable":true,"href":"https:\/\/www.weitzer-waermeparkett.com\/hu\/wp-json\/wp\/v2\/users\/1"}],"replies":[{"embeddable":true,"href":"https:\/\/www.weitzer-waermeparkett.com\/hu\/wp-json\/wp\/v2\/comments?post=3460"}],"version-history":[{"count":5,"href":"https:\/\/www.weitzer-waermeparkett.com\/hu\/wp-json\/wp\/v2\/pages\/3460\/revisions"}],"predecessor-version":[{"id":3576,"href":"https:\/\/www.weitzer-waermeparkett.com\/hu\/wp-json\/wp\/v2\/pages\/3460\/revisions\/3576"}],"wp:attachment":[{"href":"https:\/\/www.weitzer-waermeparkett.com\/hu\/wp-json\/wp\/v2\/media?parent=3460"}],"curies":[{"name":"wp","href":"https:\/\/api.w.org\/{rel}","templated":true}]}}