{"id":3464,"date":"2021-02-17T09:24:43","date_gmt":"2021-02-17T08:24:43","guid":{"rendered":"https:\/\/www.weitzer-waermeparkett.com\/partner\/"},"modified":"2024-08-19T12:55:33","modified_gmt":"2024-08-19T10:55:33","slug":"keresse-meg-weitzer-partneret","status":"publish","type":"page","link":"https:\/\/www.weitzer-waermeparkett.com\/hu\/keresse-meg-weitzer-partneret\/","title":{"rendered":"Keresse meg Weitzer partner\u00e9t"},"content":{"rendered":"<div id=\"ep-block-lp-showrooms-block_f49ddd095ddcdc961f9b7cea37e59808\" class=\"ep-block-lp-showrooms ep-block  chosen-\">\n    \n        \n        <div class=\"show-frontend\">\n            <input type=\"hidden\" name=\"last-zoom-level\" id=\"last-zoom-level\" \/>\n\n            <div class=\"map-holder\">\n\n                <div class=\"mobile-header\">\n                    <div class=\"content-holder mobile\">\n                        <div class=\"filter-holder\">\n                                        <form class=\"filter-wrapper\">\n                <h2>Keresse meg Weitzer partner\u00e9t<\/h2>\n\n                <div class=\"country-select\">\n                    <select name=\"country\" class=\"country\">\n                        <optgroup>\n                            <option value=\"AT\" data-country-long=\"Austria\" data-flag=\"at\">Ausztria<\/option>\n                            <option value=\"DE\" data-country-long=\"Germany\" data-flag=\"de\">N\u00e9metorsz\u00e1g<\/option>\n                            <option value=\"HU\" data-country-long=\"Hungary\" data-flag=\"hu\">Magyarorsz\u00e1g<\/option>\n                            <option value=\"PL\" data-country-long=\"Poland\" data-flag=\"pl\">Poland<\/option>\n                            <option value=\"SI\" data-country-long=\"Slovenia\" data-flag=\"si\">Szlov\u00e9nia<\/option>\n                            <option value=\"HR\" data-country-long=\"Croatia\" data-flag=\"hr\">Kroatien<\/option>\n                            <option value=\"BA\" data-country-long=\"Bosnia and Herzegovina\" data-flag=\"ba\">Bosznia-Hercegovina<\/option>\n                                                                                <\/optgroup>\n                    <\/select>\n                <\/div>\n\n                <div class=\"floating-label\">\n                    <label for=\"search-plz-city\">Postai ir\u00e1ny\u00edt\u00f3sz\u00e1m \/ v\u00e1ros<\/label>\n                    <input type=\"text\" name=\"search-plz-city\" class=\"search-plz-city\"\/>\n                <\/div>\n                <div class=\"partner-total-wrapper\"><span class=\"partner-total\">0<\/span> Weitzer partnert tal\u00e1ltunk<\/div>\n            <\/form>\n        \n                        <\/div>\n                        <div class=\"partner-detail\"><\/div>\n                    <\/div>\n                <\/div>\n\n                <div class=\"content-holder desktop\">\n                    <div class=\"filter-holder\">\n                                    <form class=\"filter-wrapper\">\n                <h1>Keresse meg Weitzer partner\u00e9t<\/h1>\n\n                <div class=\"country-select\">\n                    <select name=\"country\" class=\"country\">\n                        <optgroup>\n                            <option value=\"AT\" data-country-long=\"Austria\" data-flag=\"at\">Ausztria<\/option>\n                            <option value=\"DE\" data-country-long=\"Germany\" data-flag=\"de\">N\u00e9metorsz\u00e1g<\/option>\n                            <option value=\"HU\" data-country-long=\"Hungary\" data-flag=\"hu\">Magyarorsz\u00e1g<\/option>\n                            <option value=\"PL\" data-country-long=\"Poland\" data-flag=\"pl\">Poland<\/option>\n                            <option value=\"SI\" data-country-long=\"Slovenia\" data-flag=\"si\">Szlov\u00e9nia<\/option>\n                            <option value=\"HR\" data-country-long=\"Croatia\" data-flag=\"hr\">Kroatien<\/option>\n                            <option value=\"BA\" data-country-long=\"Bosnia and Herzegovina\" data-flag=\"ba\">Bosznia-Hercegovina<\/option>\n                                                                                <\/optgroup>\n                    <\/select>\n                <\/div>\n\n                <div class=\"floating-label\">\n                    <label for=\"search-plz-city\">Postai ir\u00e1ny\u00edt\u00f3sz\u00e1m \/ v\u00e1ros<\/label>\n                    <input type=\"text\" name=\"search-plz-city\" class=\"search-plz-city\"\/>\n                <\/div>\n                <div class=\"partner-total-wrapper\"><span class=\"partner-total\">0<\/span> Weitzer partnert tal\u00e1ltunk<\/div>\n            <\/form>\n        \n                        <div class=\"partners\"><\/div>\n                    <\/div>\n\n                    <div class=\"partner-detail\"><\/div>\n                <\/div>\n\n                <div class=\"map\"><\/div>\n            <\/div>\n\n            <div class=\"mobile-footer\">\n                <div class=\"content-holder mobile\">\n                    <div class=\"filter-holder\">\n                        <div class=\"partners\">\n                            <div class=\"data\"><\/div>\n                            <div class=\"read-more-button-wrapper\">\n                                <a href=\"#\" class=\"load-more btn ghost\">Weitere laden<\/a>\n                            <\/div>\n                        <\/div>\n                    <\/div>\n                    <div class=\"partner-detail\"><\/div>\n                <\/div>\n            <\/div>\n\n        <\/div>\n    <\/div>\n","protected":false},"excerpt":{"rendered":"","protected":false},"author":1,"featured_media":0,"parent":0,"menu_order":0,"comment_status":"closed","ping_status":"closed","template":"","meta":{"_acf_changed":false,"footnotes":""},"class_list":["post-3464","page","type-page","status-publish","hentry"],"acf":[],"yoast_head":"<!-- This site is optimized with the Yoast SEO plugin v27.1.1 - https:\/\/yoast.com\/product\/yoast-seo-wordpress\/ -->\n<title>Keresse meg Weitzer partner\u00e9t - W\u00e4rmeparkett<\/title>\n<meta name=\"description\" content=\"Finden Sie den Partner Ihrer Wahl ganz in Ihrer N\u00e4he und bestellen Sie eine kleine Fl\u00e4che W\u00e4rmeparkett zum Testen nach Hause.\" \/>\n<meta name=\"robots\" content=\"noindex, nofollow\" \/>\n<meta property=\"og:locale\" content=\"hu_HU\" \/>\n<meta property=\"og:type\" content=\"article\" \/>\n<meta property=\"og:title\" content=\"Keresse meg Weitzer partner\u00e9t - W\u00e4rmeparkett\" \/>\n<meta property=\"og:description\" content=\"Finden Sie den Partner Ihrer Wahl ganz in Ihrer N\u00e4he und bestellen Sie eine kleine Fl\u00e4che W\u00e4rmeparkett zum Testen nach Hause.\" \/>\n<meta property=\"og:url\" content=\"https:\/\/www.weitzer-waermeparkett.com\/hu\/keresse-meg-weitzer-partneret\/\" \/>\n<meta property=\"og:site_name\" content=\"W\u00e4rmeparkett\" \/>\n<meta property=\"article:modified_time\" content=\"2024-08-19T10:55:33+00:00\" \/>\n<meta name=\"twitter:card\" content=\"summary_large_image\" \/>\n<script type=\"application\/ld+json\" class=\"yoast-schema-graph\">{\"@context\":\"https:\/\/schema.org\",\"@graph\":[{\"@type\":\"WebPage\",\"@id\":\"https:\/\/www.weitzer-waermeparkett.com\/hu\/keresse-meg-weitzer-partneret\/\",\"url\":\"https:\/\/www.weitzer-waermeparkett.com\/hu\/keresse-meg-weitzer-partneret\/\",\"name\":\"Keresse meg Weitzer partner\u00e9t - W\u00e4rmeparkett\",\"isPartOf\":{\"@id\":\"https:\/\/www.weitzer-waermeparkett.com\/hu\/#website\"},\"datePublished\":\"2021-02-17T08:24:43+00:00\",\"dateModified\":\"2024-08-19T10:55:33+00:00\",\"description\":\"Finden Sie den Partner Ihrer Wahl ganz in Ihrer N\u00e4he und bestellen Sie eine kleine Fl\u00e4che W\u00e4rmeparkett zum Testen nach Hause.\",\"breadcrumb\":{\"@id\":\"https:\/\/www.weitzer-waermeparkett.com\/hu\/keresse-meg-weitzer-partneret\/#breadcrumb\"},\"inLanguage\":\"hu\",\"potentialAction\":[{\"@type\":\"ReadAction\",\"target\":[\"https:\/\/www.weitzer-waermeparkett.com\/hu\/keresse-meg-weitzer-partneret\/\"]}]},{\"@type\":\"BreadcrumbList\",\"@id\":\"https:\/\/www.weitzer-waermeparkett.com\/hu\/keresse-meg-weitzer-partneret\/#breadcrumb\",\"itemListElement\":[{\"@type\":\"ListItem\",\"position\":1,\"name\":\"Home\",\"item\":\"https:\/\/www.weitzer-waermeparkett.com\/hu\/\"},{\"@type\":\"ListItem\",\"position\":2,\"name\":\"Keresse meg Weitzer partner\u00e9t\"}]},{\"@type\":\"WebSite\",\"@id\":\"https:\/\/www.weitzer-waermeparkett.com\/hu\/#website\",\"url\":\"https:\/\/www.weitzer-waermeparkett.com\/hu\/\",\"name\":\"W\u00e4rmeparkett\",\"description\":\"Die smarte Art zu heizen.\",\"potentialAction\":[{\"@type\":\"SearchAction\",\"target\":{\"@type\":\"EntryPoint\",\"urlTemplate\":\"https:\/\/www.weitzer-waermeparkett.com\/hu\/?s={search_term_string}\"},\"query-input\":{\"@type\":\"PropertyValueSpecification\",\"valueRequired\":true,\"valueName\":\"search_term_string\"}}],\"inLanguage\":\"hu\"}]}<\/script>\n<!-- \/ Yoast SEO plugin. -->","yoast_head_json":{"title":"Keresse meg Weitzer partner\u00e9t - W\u00e4rmeparkett","description":"Finden Sie den Partner Ihrer Wahl ganz in Ihrer N\u00e4he und bestellen Sie eine kleine Fl\u00e4che W\u00e4rmeparkett zum Testen nach Hause.","robots":{"index":"noindex","follow":"nofollow"},"og_locale":"hu_HU","og_type":"article","og_title":"Keresse meg Weitzer partner\u00e9t - W\u00e4rmeparkett","og_description":"Finden Sie den Partner Ihrer Wahl ganz in Ihrer N\u00e4he und bestellen Sie eine kleine Fl\u00e4che W\u00e4rmeparkett zum Testen nach Hause.","og_url":"https:\/\/www.weitzer-waermeparkett.com\/hu\/keresse-meg-weitzer-partneret\/","og_site_name":"W\u00e4rmeparkett","article_modified_time":"2024-08-19T10:55:33+00:00","twitter_card":"summary_large_image","schema":{"@context":"https:\/\/schema.org","@graph":[{"@type":"WebPage","@id":"https:\/\/www.weitzer-waermeparkett.com\/hu\/keresse-meg-weitzer-partneret\/","url":"https:\/\/www.weitzer-waermeparkett.com\/hu\/keresse-meg-weitzer-partneret\/","name":"Keresse meg Weitzer partner\u00e9t - W\u00e4rmeparkett","isPartOf":{"@id":"https:\/\/www.weitzer-waermeparkett.com\/hu\/#website"},"datePublished":"2021-02-17T08:24:43+00:00","dateModified":"2024-08-19T10:55:33+00:00","description":"Finden Sie den Partner Ihrer Wahl ganz in Ihrer N\u00e4he und bestellen Sie eine kleine Fl\u00e4che W\u00e4rmeparkett zum Testen nach Hause.","breadcrumb":{"@id":"https:\/\/www.weitzer-waermeparkett.com\/hu\/keresse-meg-weitzer-partneret\/#breadcrumb"},"inLanguage":"hu","potentialAction":[{"@type":"ReadAction","target":["https:\/\/www.weitzer-waermeparkett.com\/hu\/keresse-meg-weitzer-partneret\/"]}]},{"@type":"BreadcrumbList","@id":"https:\/\/www.weitzer-waermeparkett.com\/hu\/keresse-meg-weitzer-partneret\/#breadcrumb","itemListElement":[{"@type":"ListItem","position":1,"name":"Home","item":"https:\/\/www.weitzer-waermeparkett.com\/hu\/"},{"@type":"ListItem","position":2,"name":"Keresse meg Weitzer partner\u00e9t"}]},{"@type":"WebSite","@id":"https:\/\/www.weitzer-waermeparkett.com\/hu\/#website","url":"https:\/\/www.weitzer-waermeparkett.com\/hu\/","name":"W\u00e4rmeparkett","description":"Die smarte Art zu heizen.","potentialAction":[{"@type":"SearchAction","target":{"@type":"EntryPoint","urlTemplate":"https:\/\/www.weitzer-waermeparkett.com\/hu\/?s={search_term_string}"},"query-input":{"@type":"PropertyValueSpecification","valueRequired":true,"valueName":"search_term_string"}}],"inLanguage":"hu"}]}},"_links":{"self":[{"href":"https:\/\/www.weitzer-waermeparkett.com\/hu\/wp-json\/wp\/v2\/pages\/3464","targetHints":{"allow":["GET"]}}],"collection":[{"href":"https:\/\/www.weitzer-waermeparkett.com\/hu\/wp-json\/wp\/v2\/pages"}],"about":[{"href":"https:\/\/www.weitzer-waermeparkett.com\/hu\/wp-json\/wp\/v2\/types\/page"}],"author":[{"embeddable":true,"href":"https:\/\/www.weitzer-waermeparkett.com\/hu\/wp-json\/wp\/v2\/users\/1"}],"replies":[{"embeddable":true,"href":"https:\/\/www.weitzer-waermeparkett.com\/hu\/wp-json\/wp\/v2\/comments?post=3464"}],"version-history":[{"count":2,"href":"https:\/\/www.weitzer-waermeparkett.com\/hu\/wp-json\/wp\/v2\/pages\/3464\/revisions"}],"predecessor-version":[{"id":3564,"href":"https:\/\/www.weitzer-waermeparkett.com\/hu\/wp-json\/wp\/v2\/pages\/3464\/revisions\/3564"}],"wp:attachment":[{"href":"https:\/\/www.weitzer-waermeparkett.com\/hu\/wp-json\/wp\/v2\/media?parent=3464"}],"curies":[{"name":"wp","href":"https:\/\/api.w.org\/{rel}","templated":true}]}}