{"id":3482,"date":"2021-02-10T12:35:11","date_gmt":"2021-02-10T11:35:11","guid":{"rendered":"https:\/\/www.weitzer-waermeparkett.com\/datenschutzerklaerung\/"},"modified":"2024-09-17T11:36:13","modified_gmt":"2024-09-17T09:36:13","slug":"adatvedelmi-szabalyzat","status":"publish","type":"page","link":"https:\/\/www.weitzer-waermeparkett.com\/hu\/adatvedelmi-szabalyzat\/","title":{"rendered":"Adatv\u00e9delmi szab\u00e1lyzat"},"content":{"rendered":"<div id=\"ep-block-page-header-block_3d0b3655f4cf8d8cccdc6dcf21a76c95\" class=\"ep-block-page-header ep-block  chosen-bg-theme-beige type-4\">\n            <div class=\"show-frontend\">\n\n            <div class=\"inner\">\n                                \n                <div class=\"container mx-auto\" style=\"\">\n                    <div class=\"text-container\">\n\n                                                    <div class=\"breadcrumbs-wrapper\">\n                                <span><span><a href=\"https:\/\/www.weitzer-waermeparkett.com\/hu\/\">Home<\/a><\/span><\/span>\n                            <\/div>\n                        \n                                                    <h1>Adatv\u00e9delmi szab\u00e1lyzat<\/h1>\n                        \n                        \n                        \n                                            <\/div>\n                <\/div>\n            <\/div>\n\n                    <\/div>\n    <\/div>\n\n\n<div id=\"ep-block-wysiwyg-block_a9c8445b78fadef8dc6b7a8285a27073\" class=\"ep-block-wysiwyg ep-block  chosen-\">\n                        <div class=\"show-frontend\">\n                <div class=\"inner\">\n                    <div class=\"holder\"><p>A Weitzer Parkett csoportn\u00e1l az \u00d6n adatbiztons\u00e1ga \u00e9s a szigor\u00faan bizalmas adatkezel\u00e9s els\u0151dleges szempont. Weboldalunk l\u00e1togat\u00e1sa sor\u00e1n magas biztons\u00e1gi szabv\u00e1nyokkal igyeksz\u00fcnk v\u00e9deni az \u00d6n adatait.<\/p>\n<p>Az \u00d6n adatai r\u00f6gz\u00edt\u00e9s\u00e9nek \u00e9s feldolgoz\u00e1s\u00e1nak a c\u00e9lja, hogy k\u00e9nyelmes hozz\u00e1f\u00e9r\u00e9st biztos\u00edtsunk term\u00e9keinkhez, gyorsan \u00e9s kiel\u00e9g\u00edt\u0151en teljes\u00edts\u00fck rendel\u00e9seit, valamint \u00faj term\u00e9keinkkel kapcsolatosan t\u00e1j\u00e9koztassuk \u00d6nt. Az adatkezel\u00e9s jogi alapja k\u00fcl\u00f6n\u00f6sen az adatv\u00e9delmi t\u00f6rv\u00e9ny \u00e9s a t\u00e1vk\u00f6zl\u00e9si t\u00f6rv\u00e9ny.<\/p>\n<h3><strong>Milyen adatokat t\u00e1rolunk \u00e9s dolgozunk fel?<\/strong><\/h3>\n<p>Az \u00d6n \u00e1ltal megadott szem\u00e9lyes adatokat (k\u00fcl\u00f6n\u00f6sen a n\u00e9v, c\u00e9g c\u00edme vagy lakc\u00edm, illetve sz\u00e1ll\u00edt\u00e1si c\u00edm, e-mail c\u00edm \u00e9s telefonsz\u00e1m, valamint banksz\u00e1mlasz\u00e1m) az \u00d6n hozz\u00e1j\u00e1rul\u00e1s\u00e1val t\u00e1roljuk, hogy gyorsan \u00e9s hat\u00e9konyan le tudjuk bonyol\u00edtani k\u00f6vetkez\u0151 rendel\u00e9seit.<\/p>\n<p>Az adatok megad\u00e1s\u00e1val \u00d6n hozz\u00e1j\u00e1rul ahhoz, hogy a megadott szem\u00e9lyes adatokat a rendeltet\u00e9sszer\u0171 szerz\u0151d\u00e9s teljes\u00edt\u00e9se, esetlegesen rekl\u00e1mc\u00e9l\u00fa felhaszn\u00e1l\u00e1s, valamint sz\u00e1ml\u00e1z\u00e1si c\u00e9lb\u00f3l felhaszn\u00e1ljuk. Mivel ezzel kapcsolatban megadja e-mail c\u00edm\u00e9t vagy c\u00e9g\/lakc\u00edm\u00e9t \u00e9s sz\u00e1ll\u00edt\u00e1si c\u00edm\u00e9t, felt\u00e9telezz\u00fck, hogy ezen kommunik\u00e1ci\u00f3s csatorn\u00e1kon kereszt\u00fcl kapcsolatba l\u00e9phet\u00fcnk \u00d6nnel az \u00fcgy\u00e9vel kapcsolatos k\u00e9rd\u00e9sek tiszt\u00e1z\u00e1sa \u00e9rdek\u00e9ben. K\u00e9rem, jelezze nek\u00fcnk, ha nem k\u00edv\u00e1nja, hogy a j\u00f6v\u0151ben kapcsolatba l\u00e9pj\u00fcnk \u00d6nnel.<\/p>\n<h3><strong>S\u00fctik (Cookies)<\/strong><\/h3>\n<p>A s\u00fctik kis f\u00e1jlok, amelyek lehet\u0151v\u00e9 teszik, hogy ez a weboldal a l\u00e1togat\u00f3 sz\u00e1m\u00edt\u00f3g\u00e9p\u00e9n bizonyos, a l\u00e1togat\u00f3ra vonatkoz\u00f3 inform\u00e1ci\u00f3kat t\u00e1roljon a l\u00e1togat\u00e1sa sor\u00e1n. Seg\u00edtenek abban, hogy meghat\u00e1rozzuk a webhely l\u00e1togatotts\u00e1g\u00e1t \u00e9s felhaszn\u00e1l\u00f3inak sz\u00e1m\u00e1t. Munkamenet-s\u00fctiket haszn\u00e1lunk, amelyek csak a weboldal haszn\u00e1lat\u00e1nak idej\u00e9re t\u00e1rol\u00f3dnak, valamint \u00e1lland\u00f3 s\u00fctiket, amelyek ism\u00e9telt hozz\u00e1f\u00e9r\u00e9sekn\u00e9l tartalmazz\u00e1k a l\u00e1togat\u00f3 azonos\u00edt\u00f3sz\u00e1m\u00e1t (nevet, IP-c\u00edmet stb nem tartalmaznak). A tartalom korl\u00e1tozhat\u00f3, ha letiltja a s\u00fctik ment\u00e9s\u00e9t a b\u00f6ng\u00e9sz\u0151j\u00e9ben, vagy csak bizonyos webhelyekre engedi meg, vagy be\u00e1ll\u00edtja a webb\u00f6ng\u00e9sz\u0151t (Chrome, IE, Firefox stb.), hogy \u00e9rtes\u00edtse, amikor s\u00fcti ker\u00fcl k\u00fcld\u00e9sre. A s\u00fctik b\u00e1rmikor t\u00f6r\u00f6lhet\u0151k a sz\u00e1m\u00edt\u00f3g\u00e9p merevlemez\u00e9r\u0151l. Vegye figyelembe, hogy ebben az esetben a weboldal megjelen\u00edt\u00e9se \u00e9s a felhaszn\u00e1l\u00f3i ir\u00e1ny\u00edt\u00e1s korl\u00e1tozott lehet.<\/p>\n<h3><strong>Webanalitika<\/strong><\/h3>\n<p>Ez a weboldal haszn\u00e1lja a Google Analytics webanalitikai szolg\u00e1ltat\u00e1st, amelyet a Google Inc. (1600 Amphitheatre Parkway, Mountain View, CA 94043, USA; \u201eGoogle\u201c) \u00fczemeltet. A szolg\u00e1ltat\u00e1s \u201eUniversal Analytics\u201d m\u0171k\u00f6d\u00e9si m\u00f3dj\u00e1t alkalmazzuk, amely lehet\u0151v\u00e9 teszi a felhaszn\u00e1l\u00f3k tev\u00e9kenys\u00e9geinek elemz\u00e9s\u00e9t k\u00fcl\u00f6nb\u00f6z\u0151 eszk\u00f6z\u00f6k\u00f6n kereszt\u00fcl.<\/p>\n<p>A Google Analytics \u201es\u00fctiket\u201d haszn\u00e1l, amelyek olyan sz\u00f6vegf\u00e1jlok, amelyeket a sz\u00e1m\u00edt\u00f3g\u00e9p\u00e9re helyez, hogy elemz\u0151 jelent\u00e9seket k\u00e9sz\u00edtsen a weboldal haszn\u00e1lat\u00e1r\u00f3l. A s\u00fctik \u00e1ltal gener\u00e1lt inform\u00e1ci\u00f3kat \u00e1ltal\u00e1ban a Google amerikai szervereire tov\u00e1bb\u00edtj\u00e1k \u00e9s ott t\u00e1rolj\u00e1k. Ha az IP-c\u00edm anonimiz\u00e1lva van ezen a weboldalon, az \u00d6n IP-c\u00edme el\u0151zetesen r\u00f6vid\u00edtve lesz az Eur\u00f3pai Uni\u00f3 vagy m\u00e1s szerz\u0151d\u00e9ses felek \u00e1ltal a Gazdas\u00e1gi T\u00e9rs\u00e9g meg\u00e1llapod\u00e1sa szerint. Kiv\u00e9teles esetekben az IP-c\u00edm teljes eg\u00e9sz\u00e9ben tov\u00e1bb\u00edt\u00e1sra ker\u00fclhet a Google szerver\u00e9re az Egyes\u00fclt \u00c1llamokban, \u00e9s ott r\u00f6vid\u00edthet\u0151 le. A Google ezeket az inform\u00e1ci\u00f3kat az\u00e9rt haszn\u00e1lja fel, hogy \u00e9rt\u00e9kelje weboldal\u00e1nak haszn\u00e1lat\u00e1t, jelent\u00e9seket k\u00e9sz\u00edtsen a weboldal tev\u00e9kenys\u00e9geir\u0151l, \u00e9s m\u00e1s weboldalak haszn\u00e1lat\u00e1val \u00e9s internetes haszn\u00e1lat\u00e1val kapcsolatos szolg\u00e1ltat\u00e1sokat ny\u00fajtson a webhely \u00fczemeltet\u0151je sz\u00e1m\u00e1ra. Az adatok feldolgoz\u00e1s\u00e1ban az \u00fczemeltet\u0151 nev\u00e9ben a Google tov\u00e1bbi r\u00e9szletek\u00e9rt \u00e9s az adatv\u00e9delmi ir\u00e1nyelvek\u00e9rt l\u00e1togasson el a Google Adatv\u00e9delmi ir\u00e1nyelveihez: <a href=\"https:\/\/policies.google.com\/?hl=de\">https:\/\/policies.google.com\/?hl=hu<\/a>.<\/p>\n<h3><strong>reCAPTCHA<\/strong><\/h3>\n<p>Az internetes \u0171rlapokkal kapcsolatos k\u00e9relmek v\u00e9delme \u00e9rdek\u00e9ben a Google Inc. (Google) reCAPTCHA szolg\u00e1ltat\u00e1s\u00e1t haszn\u00e1ljuk. A vizsg\u00e1lat arra szolg\u00e1l, hogy meg\u00e1llap\u00edtsa, az adott bejegyz\u00e9st emberi szem\u00e9ly vagy automatikus, g\u00e9pi feldolgoz\u00e1s r\u00e9v\u00e9n t\u00f6rt\u00e9nt-e. A vizsg\u00e1lat mag\u00e1ban foglalja az IP-c\u00edm k\u00fcld\u00e9s\u00e9t \u00e9s egy\u00e9b adatokat, amelyeket a Google sz\u00fcks\u00e9gesnek tart a reCAPTCHA szolg\u00e1ltat\u00e1shoz. Ezen c\u00e9lb\u00f3l a bejegyz\u00e9s\u00e9t tov\u00e1bb\u00edtja a Google sz\u00e1m\u00e1ra \u00e9s ott folytatja.<\/p>\n<h3><strong>Google Maps alkalmaz\u00e1s<\/strong><\/h3>\n<p>Weboldalunkon a Google Inc. \u201eGoogle Maps\u201c komponens\u00e9t haszn\u00e1ljuk, amely lehet\u0151v\u00e9 teszi a helyi t\u00e9rk\u00e9pek megjelen\u00edt\u00e9s\u00e9t \u00e9s az \u00fatvonaltervez\u00e9si funkci\u00f3k haszn\u00e1lat\u00e1t. A \u201eGoogle Maps\u201c komponens h\u00edv\u00e1sakor a Google egy s\u00fctit helyez el azon az oldalon, ahol a \u201eGoogle Maps\u201c komponens integr\u00e1lva van, hogy feldolgozza a felhaszn\u00e1l\u00f3i be\u00e1ll\u00edt\u00e1sokat \u00e9s adatokat.<\/p>\n<p>Ha nem \u00e9rt egyet ezen adatok feldolgoz\u00e1s\u00e1val, van lehet\u0151s\u00e9ge a \u201eGoogle Maps\u201c szolg\u00e1ltat\u00e1s letilt\u00e1s\u00e1ra, \u00e9s ezen kereszt\u00fcl az adatok Google sz\u00e1m\u00e1ra t\u00f6rt\u00e9n\u0151 \u00e1tvitel\u00e9nek megakad\u00e1lyoz\u00e1s\u00e1ra. Ehhez ki kell kapcsolnia a JavaScript funkci\u00f3t a b\u00f6ng\u00e9sz\u0151j\u00e9ben. Azonban szeretn\u00e9nk felh\u00edvni a figyelm\u00e9t, hogy ebben az esetben a \u201eGoogle Maps\u201c nem vagy csak r\u00e9szben haszn\u00e1lhat\u00f3.<\/p>\n<h3><strong>Szem\u00e9lyes adatok t\u00f6rl\u00e9se<\/strong><\/h3>\n<p>A szem\u00e9lyes adatokat csak annyi ideig t\u00e1roljuk, amennyire az az adatkezel\u00e9s c\u00e9lj\u00e1t szolg\u00e1lja, vagy amennyire jogszab\u00e1lyi k\u00f6telezetts\u00e9g\u00fcnk van. Ezt k\u00f6vet\u0151en t\u00f6r\u00f6lj\u00fck vagy anonimiz\u00e1ljuk az adatokat.<\/p>\n<h3><strong>Adatbiztons\u00e1g<\/strong><\/h3>\n<p>Kiterjedt technikai \u00e9s \u00fczemeltet\u00e9si v\u00e9delmi int\u00e9zked\u00e9seket vezett\u00fcnk be az \u00d6n adatainak v\u00e9delme \u00e9rdek\u00e9ben. Biztons\u00e1gi elj\u00e1r\u00e1sainkat rendszeresen fel\u00fclvizsg\u00e1lj\u00e1k \u00e9s a technol\u00f3giai fejl\u0151d\u00e9shez igaz\u00edtj\u00e1k.<\/p>\n<h3><strong>Az \u00d6n jogai<\/strong><\/h3>\n<p>\u00c1ltal\u00e1ban jog\u00e1ban \u00e1ll t\u00e1j\u00e9koztat\u00e1st k\u00e9rni, helyesb\u00edteni, t\u00f6r\u00f6lni, korl\u00e1tozni az adatok \u00e1tvihet\u0151s\u00e9g\u00e9t, visszavonni \u00e9s tiltakozni. Ha \u00fagy gondolja, hogy az adatfeldolgoz\u00e1s megs\u00e9rti az adatv\u00e9delmi t\u00f6rv\u00e9nyeket, vagy az adatv\u00e9delmi jogokat, keresse fel a fel\u00fcgyeleti hat\u00f3s\u00e1got. Magyarorsz\u00e1gon ez a Nemzeti Adatv\u00e9delmi \u00e9s Inform\u00e1ci\u00f3szabads\u00e1g Hat\u00f3s\u00e1g.<\/p>\n<h3><strong>Adatv\u00e9delmi \u00e9s visszavon\u00e1si jogok k\u00e9rd\u00e9se<\/strong><\/h3>\n<p>Az adatv\u00e9delmi t\u00f6rv\u00e9ny \u00e9rtelm\u00e9ben jog\u00e1ban \u00e1ll ingyenesen k\u00e9relmezni az \u00d6n \u00e1ltal t\u00e1rolt adatokr\u00f3l t\u00f6rt\u00e9n\u0151 t\u00e1j\u00e9koztat\u00e1st. Amennyiben k\u00e9rd\u00e9se lenne ezen adatv\u00e9delmi nyilatkozattal kapcsolatban, k\u00e9rj\u00fck, hogy l\u00e9pjen kapcsolatba az al\u00e1bbi email c\u00edmen: <a href=\"mailto:office@weitzer-waermeparkett.com\" target=\"_blank\" rel=\"noreferrer noopener\">office@weitzer-waermeparkett.com<\/a><\/p>\n<p>Jog\u00e1ban \u00e1ll b\u00e1rmikor visszavonni az adatok felhaszn\u00e1l\u00e1s\u00e1t \u00e9s feldolgoz\u00e1s\u00e1t. K\u00e9rj\u00fck, vegye fel vel\u00fcnk a kapcsolatot a fenti email c\u00edmen.<\/p>\n<\/div>\n                <\/div>\n            <\/div>\n            <\/div>","protected":false},"excerpt":{"rendered":"","protected":false},"author":1,"featured_media":0,"parent":0,"menu_order":0,"comment_status":"closed","ping_status":"open","template":"","meta":{"_acf_changed":false,"footnotes":""},"class_list":["post-3482","page","type-page","status-publish","hentry"],"acf":[],"yoast_head":"<!-- This site is optimized with the Yoast SEO plugin v27.1.1 - https:\/\/yoast.com\/product\/yoast-seo-wordpress\/ -->\n<title>Adatv\u00e9delmi szab\u00e1lyzat - W\u00e4rmeparkett<\/title>\n<meta name=\"description\" content=\"Wir nehmen den Schutz Ihrer pers\u00f6nlichen Daten sehr ernst &amp; behandeln Ihre Sie vertraulich. Lesen Sie hier unsere Datenschutzerkl\u00e4rung.\" \/>\n<meta name=\"robots\" content=\"index, follow, max-snippet:-1, max-image-preview:large, max-video-preview:-1\" \/>\n<link rel=\"canonical\" href=\"https:\/\/www.weitzer-waermeparkett.com\/hu\/adatvedelmi-szabalyzat\/\" \/>\n<meta property=\"og:locale\" content=\"hu_HU\" \/>\n<meta property=\"og:type\" content=\"article\" \/>\n<meta property=\"og:title\" content=\"Adatv\u00e9delmi szab\u00e1lyzat - W\u00e4rmeparkett\" \/>\n<meta property=\"og:description\" content=\"Wir nehmen den Schutz Ihrer pers\u00f6nlichen Daten sehr ernst &amp; behandeln Ihre Sie vertraulich. Lesen Sie hier unsere Datenschutzerkl\u00e4rung.\" \/>\n<meta property=\"og:url\" content=\"https:\/\/www.weitzer-waermeparkett.com\/hu\/adatvedelmi-szabalyzat\/\" \/>\n<meta property=\"og:site_name\" content=\"W\u00e4rmeparkett\" \/>\n<meta property=\"article:modified_time\" content=\"2024-09-17T09:36:13+00:00\" \/>\n<meta name=\"twitter:card\" content=\"summary_large_image\" \/>\n<script type=\"application\/ld+json\" class=\"yoast-schema-graph\">{\"@context\":\"https:\/\/schema.org\",\"@graph\":[{\"@type\":\"WebPage\",\"@id\":\"https:\/\/www.weitzer-waermeparkett.com\/hu\/adatvedelmi-szabalyzat\/\",\"url\":\"https:\/\/www.weitzer-waermeparkett.com\/hu\/adatvedelmi-szabalyzat\/\",\"name\":\"Adatv\u00e9delmi szab\u00e1lyzat - W\u00e4rmeparkett\",\"isPartOf\":{\"@id\":\"https:\/\/www.weitzer-waermeparkett.com\/hu\/#website\"},\"datePublished\":\"2021-02-10T11:35:11+00:00\",\"dateModified\":\"2024-09-17T09:36:13+00:00\",\"description\":\"Wir nehmen den Schutz Ihrer pers\u00f6nlichen Daten sehr ernst & behandeln Ihre Sie vertraulich. Lesen Sie hier unsere Datenschutzerkl\u00e4rung.\",\"breadcrumb\":{\"@id\":\"https:\/\/www.weitzer-waermeparkett.com\/hu\/adatvedelmi-szabalyzat\/#breadcrumb\"},\"inLanguage\":\"hu\",\"potentialAction\":[{\"@type\":\"ReadAction\",\"target\":[\"https:\/\/www.weitzer-waermeparkett.com\/hu\/adatvedelmi-szabalyzat\/\"]}]},{\"@type\":\"BreadcrumbList\",\"@id\":\"https:\/\/www.weitzer-waermeparkett.com\/hu\/adatvedelmi-szabalyzat\/#breadcrumb\",\"itemListElement\":[{\"@type\":\"ListItem\",\"position\":1,\"name\":\"Home\",\"item\":\"https:\/\/www.weitzer-waermeparkett.com\/hu\/\"},{\"@type\":\"ListItem\",\"position\":2,\"name\":\"Adatv\u00e9delmi szab\u00e1lyzat\"}]},{\"@type\":\"WebSite\",\"@id\":\"https:\/\/www.weitzer-waermeparkett.com\/hu\/#website\",\"url\":\"https:\/\/www.weitzer-waermeparkett.com\/hu\/\",\"name\":\"W\u00e4rmeparkett\",\"description\":\"Die smarte Art zu heizen.\",\"potentialAction\":[{\"@type\":\"SearchAction\",\"target\":{\"@type\":\"EntryPoint\",\"urlTemplate\":\"https:\/\/www.weitzer-waermeparkett.com\/hu\/?s={search_term_string}\"},\"query-input\":{\"@type\":\"PropertyValueSpecification\",\"valueRequired\":true,\"valueName\":\"search_term_string\"}}],\"inLanguage\":\"hu\"}]}<\/script>\n<!-- \/ Yoast SEO plugin. -->","yoast_head_json":{"title":"Adatv\u00e9delmi szab\u00e1lyzat - W\u00e4rmeparkett","description":"Wir nehmen den Schutz Ihrer pers\u00f6nlichen Daten sehr ernst & behandeln Ihre Sie vertraulich. Lesen Sie hier unsere Datenschutzerkl\u00e4rung.","robots":{"index":"index","follow":"follow","max-snippet":"max-snippet:-1","max-image-preview":"max-image-preview:large","max-video-preview":"max-video-preview:-1"},"canonical":"https:\/\/www.weitzer-waermeparkett.com\/hu\/adatvedelmi-szabalyzat\/","og_locale":"hu_HU","og_type":"article","og_title":"Adatv\u00e9delmi szab\u00e1lyzat - W\u00e4rmeparkett","og_description":"Wir nehmen den Schutz Ihrer pers\u00f6nlichen Daten sehr ernst & behandeln Ihre Sie vertraulich. Lesen Sie hier unsere Datenschutzerkl\u00e4rung.","og_url":"https:\/\/www.weitzer-waermeparkett.com\/hu\/adatvedelmi-szabalyzat\/","og_site_name":"W\u00e4rmeparkett","article_modified_time":"2024-09-17T09:36:13+00:00","twitter_card":"summary_large_image","schema":{"@context":"https:\/\/schema.org","@graph":[{"@type":"WebPage","@id":"https:\/\/www.weitzer-waermeparkett.com\/hu\/adatvedelmi-szabalyzat\/","url":"https:\/\/www.weitzer-waermeparkett.com\/hu\/adatvedelmi-szabalyzat\/","name":"Adatv\u00e9delmi szab\u00e1lyzat - W\u00e4rmeparkett","isPartOf":{"@id":"https:\/\/www.weitzer-waermeparkett.com\/hu\/#website"},"datePublished":"2021-02-10T11:35:11+00:00","dateModified":"2024-09-17T09:36:13+00:00","description":"Wir nehmen den Schutz Ihrer pers\u00f6nlichen Daten sehr ernst & behandeln Ihre Sie vertraulich. Lesen Sie hier unsere Datenschutzerkl\u00e4rung.","breadcrumb":{"@id":"https:\/\/www.weitzer-waermeparkett.com\/hu\/adatvedelmi-szabalyzat\/#breadcrumb"},"inLanguage":"hu","potentialAction":[{"@type":"ReadAction","target":["https:\/\/www.weitzer-waermeparkett.com\/hu\/adatvedelmi-szabalyzat\/"]}]},{"@type":"BreadcrumbList","@id":"https:\/\/www.weitzer-waermeparkett.com\/hu\/adatvedelmi-szabalyzat\/#breadcrumb","itemListElement":[{"@type":"ListItem","position":1,"name":"Home","item":"https:\/\/www.weitzer-waermeparkett.com\/hu\/"},{"@type":"ListItem","position":2,"name":"Adatv\u00e9delmi szab\u00e1lyzat"}]},{"@type":"WebSite","@id":"https:\/\/www.weitzer-waermeparkett.com\/hu\/#website","url":"https:\/\/www.weitzer-waermeparkett.com\/hu\/","name":"W\u00e4rmeparkett","description":"Die smarte Art zu heizen.","potentialAction":[{"@type":"SearchAction","target":{"@type":"EntryPoint","urlTemplate":"https:\/\/www.weitzer-waermeparkett.com\/hu\/?s={search_term_string}"},"query-input":{"@type":"PropertyValueSpecification","valueRequired":true,"valueName":"search_term_string"}}],"inLanguage":"hu"}]}},"_links":{"self":[{"href":"https:\/\/www.weitzer-waermeparkett.com\/hu\/wp-json\/wp\/v2\/pages\/3482","targetHints":{"allow":["GET"]}}],"collection":[{"href":"https:\/\/www.weitzer-waermeparkett.com\/hu\/wp-json\/wp\/v2\/pages"}],"about":[{"href":"https:\/\/www.weitzer-waermeparkett.com\/hu\/wp-json\/wp\/v2\/types\/page"}],"author":[{"embeddable":true,"href":"https:\/\/www.weitzer-waermeparkett.com\/hu\/wp-json\/wp\/v2\/users\/1"}],"replies":[{"embeddable":true,"href":"https:\/\/www.weitzer-waermeparkett.com\/hu\/wp-json\/wp\/v2\/comments?post=3482"}],"version-history":[{"count":4,"href":"https:\/\/www.weitzer-waermeparkett.com\/hu\/wp-json\/wp\/v2\/pages\/3482\/revisions"}],"predecessor-version":[{"id":3625,"href":"https:\/\/www.weitzer-waermeparkett.com\/hu\/wp-json\/wp\/v2\/pages\/3482\/revisions\/3625"}],"wp:attachment":[{"href":"https:\/\/www.weitzer-waermeparkett.com\/hu\/wp-json\/wp\/v2\/media?parent=3482"}],"curies":[{"name":"wp","href":"https:\/\/api.w.org\/{rel}","templated":true}]}}