{"id":3487,"date":"2023-01-09T15:06:21","date_gmt":"2023-01-09T14:06:21","guid":{"rendered":"https:\/\/www.weitzer-waermeparkett.com\/bedarfsrechner\/"},"modified":"2024-08-19T12:20:29","modified_gmt":"2024-08-19T10:20:29","slug":"koltsegkalkulacio","status":"publish","type":"page","link":"https:\/\/www.weitzer-waermeparkett.com\/hu\/koltsegkalkulacio\/","title":{"rendered":"K\u00f6lts\u00e9gkalkul\u00e1ci\u00f3"},"content":{"rendered":"<div id=\"ep-block-bedarfsrechner-block_6c9459a192985ec9608a6bc177265076\" class=\"ep-block-bedarfsrechner ep-block  chosen-\">\n            <div class=\"show-frontend\">\n            <div class=\"inner\">\n\n                <div class=\"top-area\">\n                     <h2>Sz\u00e1m\u00edtsa ki f\u0171t\u00e9si k\u00f6lts\u00e9geit \u00e9s \u00e1lljon neki most!<\/h2>                                             <div class=\"desc-1\">Az \u00faj f\u0171t\u00f6tt padl\u00f3j\u00e1val ak\u00e1r 60 %-os energiamegtakar\u00edt\u00e1s is el\u00e9rhet\u0151! Sz\u00e1molja ki n\u00e9h\u00e1ny perc alatt \u00e9ves f\u0171t\u00e9si k\u00f6lts\u00e9geit* \u00e9s kezdjen neki padl\u00f3projektj\u00e9nek.<\/div>                 <\/div>\n\n                <form method=\"post\" action=\"\" class=\"bedarfsrechner-wrapper\">\n                    <div class=\"row\">\n                        <div class=\"col-2\">\n                            <div class=\"floating-label\">\n                                <label for=\"project-size\">A projekt\/objektum m\u00e9rete m<sup>2<\/sup>*<\/label>\n                                <input type=\"text\" name=\"project-size\" id=\"project-size\" placeholder=\"Projekt\/t\u00e1rgy m\u00e9rete *\" >\n                            <\/div>\n                        <\/div>\n                        <div class=\"col-2\">\n                            <div class=\"select-wrapper\">\n                                <select name=\"construction-type\" id=\"construction-type\">\n                                    <option value=\"\">Faszerkezetes \u00e9p\u00edt\u00e9s *<\/option>\n                                    <option value=\"327\">Fakeret \u00e9p\u00edt\u00e9s<\/option>\n                                    <option value=\"365\">\u00daj t\u00e9gla\u00e9p\u00fclet szigetelve<\/option>\n                                    <option value=\"533\">\u00daj t\u00e9gla\u00e9p\u00fclet szigeteletlen<\/option>\n                                    <option value=\"730\">R\u00e9gi t\u00e9gla\u00e9p\u00fclet<\/option>\n                                <\/select>\n                            <\/div>\n                        <\/div>\n                    <\/div>\n                    <div class=\"row\">\n                        <div class=\"col-2\">\n                            <div class=\"floating-label electricity-price-wrapper\">\n                                <label for=\"electricity-price\">Villamosenergia-\u00e1r *<\/label>\n                                <span class=\"currency\">&euro;<\/span>\n                                <span class=\"your-energy-price\">Az \u00d6n villamosenergia-\u00e1ra kw\/h<\/span>\n                                <input type=\"text\" name=\"electricity-price\" id=\"electricity-price\" placeholder=\"0,0\" >\n                            <\/div>\n                        <\/div>\n                    <\/div>\n                    <div class=\"button-wrapper\">\n                        <button class=\"btn ghost\" type=\"submit\">K\u00f6lts\u00e9gek kisz\u00e1m\u00edt\u00e1sa<\/button>\n                    <\/div>\n                    <div class=\"total-wrapper\">\n                        <span class=\"text\">\u00c9ves \u00f6sszk\u00f6lts\u00e9gek<\/span>\n                        <span class=\"total-item\"><span class=\"total\"><\/span>&euro;<\/span>\n                    <\/div>\n                <\/form>\n\n                <div class=\"bottom-area\">\n                                            <div class=\"desc-2\">Szeretn\u00e9 el\u0151bb megtudni, milyen \u00e9rz\u00e9s a f\u0171t\u00f6tt val\u00f3di fa padl\u00f3? Egyszer\u0171en k\u00e9rdezze meg itt!<\/div> \n                                            <div class=\"btn-wrapper-1\">\n                            <a href=\"https:\/\/www.weitzer-waermeparkett.com\/hu\/erdeklodes\/\" target=\"\" target=\"Most k\u00e9rek aj\u00e1nlatot!\" class=\"btn arrow-right\">\n                                Most k\u00e9rek aj\u00e1nlatot!\n                            <\/a>\n                        <\/div>\n                    \n                                            <div class=\"desc-2\">M\u00e1r meggy\u0151z\u0151d\u00f6tt? <br \/>\r\nAkkor szerezze be f\u0171t\u00f6tt padl\u00f3j\u00e1t teljes \u00e9rt\u00e9k\u0171 f\u0151- vagy kieg\u00e9sz\u00edt\u0151 f\u0171t\u00e9sk\u00e9nt otthona k\u00e9nyelmes, komfortos kl\u00edm\u00e1j\u00e1hoz.<\/div> \n                                            <div class=\"btn-wrapper-1\">\n                            <a href=\"https:\/\/www.weitzer-waermeparkett.com\/hu\/partnerek\/\" target=\"\" target=\"F\u0171t\u00f6tt padl\u00f3 partnereinkhez\" class=\"btn link arrow-right\">\n                                F\u0171t\u00f6tt padl\u00f3 partnereinkhez\n                            <\/a>\n                        <\/div>\n                    \n                <\/div>\n\n            <\/div>\n\n        <\/div>\n    <\/div>\n\n<div id=\"ep-block-wysiwyg-block_df72ca5c544404520ed77ff2c008aef4\" class=\"ep-block-wysiwyg ep-block  chosen-\">\n                        <div class=\"show-frontend\">\n                <div class=\"inner\">\n                    <div class=\"holder\"><p><small>A k\u00f6lts\u00e9gek tapasztalatokon alapulnak, amelyek t\u00f6bb f\u0171t\u00e9si szezonban m\u00e9rt eredm\u00e9nyeket fednek le \u00e1tlagos 22 \u00b0C-os h\u0151m\u00e9rs\u00e9kleten. A h\u00e1z anyag\u00e1t\u00f3l, az \u00e1ramd\u00edjt\u00f3l, az id\u0151j\u00e1r\u00e1si k\u00f6r\u00fclm\u00e9nyekt\u0151l \u00e9s a felhaszn\u00e1l\u00f3i szok\u00e1sokt\u00f3l f\u00fcgg\u0151en elt\u00e9r\u0151 eredm\u00e9nyek lehets\u00e9gesek.<\/small><\/p>\n<\/div>\n                <\/div>\n            <\/div>\n            <\/div>","protected":false},"excerpt":{"rendered":"","protected":false},"author":1,"featured_media":0,"parent":0,"menu_order":0,"comment_status":"closed","ping_status":"closed","template":"","meta":{"_acf_changed":false,"footnotes":""},"class_list":["post-3487","page","type-page","status-publish","hentry"],"acf":[],"yoast_head":"<!-- This site is optimized with the Yoast SEO plugin v27.1.1 - https:\/\/yoast.com\/product\/yoast-seo-wordpress\/ -->\n<title>K\u00f6lts\u00e9gkalkul\u00e1ci\u00f3 - W\u00e4rmeparkett<\/title>\n<meta name=\"robots\" content=\"index, nofollow, max-snippet:-1, max-image-preview:large, max-video-preview:-1\" \/>\n<link rel=\"canonical\" href=\"https:\/\/www.weitzer-waermeparkett.com\/hu\/koltsegkalkulacio\/\" \/>\n<meta property=\"og:locale\" content=\"hu_HU\" \/>\n<meta property=\"og:type\" content=\"article\" \/>\n<meta property=\"og:title\" content=\"K\u00f6lts\u00e9gkalkul\u00e1ci\u00f3 - W\u00e4rmeparkett\" \/>\n<meta property=\"og:url\" content=\"https:\/\/www.weitzer-waermeparkett.com\/hu\/koltsegkalkulacio\/\" \/>\n<meta property=\"og:site_name\" content=\"W\u00e4rmeparkett\" \/>\n<meta property=\"article:modified_time\" content=\"2024-08-19T10:20:29+00:00\" \/>\n<meta name=\"twitter:card\" content=\"summary_large_image\" \/>\n<script type=\"application\/ld+json\" class=\"yoast-schema-graph\">{\"@context\":\"https:\/\/schema.org\",\"@graph\":[{\"@type\":\"WebPage\",\"@id\":\"https:\/\/www.weitzer-waermeparkett.com\/hu\/koltsegkalkulacio\/\",\"url\":\"https:\/\/www.weitzer-waermeparkett.com\/hu\/koltsegkalkulacio\/\",\"name\":\"K\u00f6lts\u00e9gkalkul\u00e1ci\u00f3 - W\u00e4rmeparkett\",\"isPartOf\":{\"@id\":\"https:\/\/www.weitzer-waermeparkett.com\/hu\/#website\"},\"datePublished\":\"2023-01-09T14:06:21+00:00\",\"dateModified\":\"2024-08-19T10:20:29+00:00\",\"breadcrumb\":{\"@id\":\"https:\/\/www.weitzer-waermeparkett.com\/hu\/koltsegkalkulacio\/#breadcrumb\"},\"inLanguage\":\"hu\",\"potentialAction\":[{\"@type\":\"ReadAction\",\"target\":[\"https:\/\/www.weitzer-waermeparkett.com\/hu\/koltsegkalkulacio\/\"]}]},{\"@type\":\"BreadcrumbList\",\"@id\":\"https:\/\/www.weitzer-waermeparkett.com\/hu\/koltsegkalkulacio\/#breadcrumb\",\"itemListElement\":[{\"@type\":\"ListItem\",\"position\":1,\"name\":\"Home\",\"item\":\"https:\/\/www.weitzer-waermeparkett.com\/hu\/\"},{\"@type\":\"ListItem\",\"position\":2,\"name\":\"K\u00f6lts\u00e9gkalkul\u00e1ci\u00f3\"}]},{\"@type\":\"WebSite\",\"@id\":\"https:\/\/www.weitzer-waermeparkett.com\/hu\/#website\",\"url\":\"https:\/\/www.weitzer-waermeparkett.com\/hu\/\",\"name\":\"W\u00e4rmeparkett\",\"description\":\"Die smarte Art zu heizen.\",\"potentialAction\":[{\"@type\":\"SearchAction\",\"target\":{\"@type\":\"EntryPoint\",\"urlTemplate\":\"https:\/\/www.weitzer-waermeparkett.com\/hu\/?s={search_term_string}\"},\"query-input\":{\"@type\":\"PropertyValueSpecification\",\"valueRequired\":true,\"valueName\":\"search_term_string\"}}],\"inLanguage\":\"hu\"}]}<\/script>\n<!-- \/ Yoast SEO plugin. -->","yoast_head_json":{"title":"K\u00f6lts\u00e9gkalkul\u00e1ci\u00f3 - W\u00e4rmeparkett","robots":{"index":"index","follow":"nofollow","max-snippet":"max-snippet:-1","max-image-preview":"max-image-preview:large","max-video-preview":"max-video-preview:-1"},"canonical":"https:\/\/www.weitzer-waermeparkett.com\/hu\/koltsegkalkulacio\/","og_locale":"hu_HU","og_type":"article","og_title":"K\u00f6lts\u00e9gkalkul\u00e1ci\u00f3 - W\u00e4rmeparkett","og_url":"https:\/\/www.weitzer-waermeparkett.com\/hu\/koltsegkalkulacio\/","og_site_name":"W\u00e4rmeparkett","article_modified_time":"2024-08-19T10:20:29+00:00","twitter_card":"summary_large_image","schema":{"@context":"https:\/\/schema.org","@graph":[{"@type":"WebPage","@id":"https:\/\/www.weitzer-waermeparkett.com\/hu\/koltsegkalkulacio\/","url":"https:\/\/www.weitzer-waermeparkett.com\/hu\/koltsegkalkulacio\/","name":"K\u00f6lts\u00e9gkalkul\u00e1ci\u00f3 - W\u00e4rmeparkett","isPartOf":{"@id":"https:\/\/www.weitzer-waermeparkett.com\/hu\/#website"},"datePublished":"2023-01-09T14:06:21+00:00","dateModified":"2024-08-19T10:20:29+00:00","breadcrumb":{"@id":"https:\/\/www.weitzer-waermeparkett.com\/hu\/koltsegkalkulacio\/#breadcrumb"},"inLanguage":"hu","potentialAction":[{"@type":"ReadAction","target":["https:\/\/www.weitzer-waermeparkett.com\/hu\/koltsegkalkulacio\/"]}]},{"@type":"BreadcrumbList","@id":"https:\/\/www.weitzer-waermeparkett.com\/hu\/koltsegkalkulacio\/#breadcrumb","itemListElement":[{"@type":"ListItem","position":1,"name":"Home","item":"https:\/\/www.weitzer-waermeparkett.com\/hu\/"},{"@type":"ListItem","position":2,"name":"K\u00f6lts\u00e9gkalkul\u00e1ci\u00f3"}]},{"@type":"WebSite","@id":"https:\/\/www.weitzer-waermeparkett.com\/hu\/#website","url":"https:\/\/www.weitzer-waermeparkett.com\/hu\/","name":"W\u00e4rmeparkett","description":"Die smarte Art zu heizen.","potentialAction":[{"@type":"SearchAction","target":{"@type":"EntryPoint","urlTemplate":"https:\/\/www.weitzer-waermeparkett.com\/hu\/?s={search_term_string}"},"query-input":{"@type":"PropertyValueSpecification","valueRequired":true,"valueName":"search_term_string"}}],"inLanguage":"hu"}]}},"_links":{"self":[{"href":"https:\/\/www.weitzer-waermeparkett.com\/hu\/wp-json\/wp\/v2\/pages\/3487","targetHints":{"allow":["GET"]}}],"collection":[{"href":"https:\/\/www.weitzer-waermeparkett.com\/hu\/wp-json\/wp\/v2\/pages"}],"about":[{"href":"https:\/\/www.weitzer-waermeparkett.com\/hu\/wp-json\/wp\/v2\/types\/page"}],"author":[{"embeddable":true,"href":"https:\/\/www.weitzer-waermeparkett.com\/hu\/wp-json\/wp\/v2\/users\/1"}],"replies":[{"embeddable":true,"href":"https:\/\/www.weitzer-waermeparkett.com\/hu\/wp-json\/wp\/v2\/comments?post=3487"}],"version-history":[{"count":4,"href":"https:\/\/www.weitzer-waermeparkett.com\/hu\/wp-json\/wp\/v2\/pages\/3487\/revisions"}],"predecessor-version":[{"id":3549,"href":"https:\/\/www.weitzer-waermeparkett.com\/hu\/wp-json\/wp\/v2\/pages\/3487\/revisions\/3549"}],"wp:attachment":[{"href":"https:\/\/www.weitzer-waermeparkett.com\/hu\/wp-json\/wp\/v2\/media?parent=3487"}],"curies":[{"name":"wp","href":"https:\/\/api.w.org\/{rel}","templated":true}]}}