{"id":3492,"date":"2021-02-17T08:14:52","date_gmt":"2021-02-17T07:14:52","guid":{"rendered":"https:\/\/www.weitzer-waermeparkett.com\/agb\/"},"modified":"2024-09-17T10:02:38","modified_gmt":"2024-09-17T08:02:38","slug":"aszf","status":"publish","type":"page","link":"https:\/\/www.weitzer-waermeparkett.com\/hu\/aszf\/","title":{"rendered":"\u00c1ltal\u00e1nos Szerz\u0151d\u00e9si Felt\u00e9telek"},"content":{"rendered":"<div id=\"ep-block-page-header-block_188af52727f6838719ca224778358715\" class=\"ep-block-page-header ep-block  chosen-bg-theme-beige type-4\">\n            <div class=\"show-frontend\">\n\n            <div class=\"inner\">\n                                \n                <div class=\"container mx-auto\" style=\"\">\n                    <div class=\"text-container\">\n\n                                                    <div class=\"breadcrumbs-wrapper\">\n                                <span><span><a href=\"https:\/\/www.weitzer-waermeparkett.com\/hu\/\">Home<\/a><\/span><\/span>\n                            <\/div>\n                        \n                                                    <h1>\u00c1ltal\u00e1nos Szerz\u0151d\u00e9si Felt\u00e9telek<\/h1>\n                        \n                        \n                        \n                                            <\/div>\n                <\/div>\n            <\/div>\n\n                    <\/div>\n    <\/div>\n\n\n<div id=\"ep-block-wysiwyg-block_df82d37a1b16757f16579c99836dca06\" class=\"ep-block-wysiwyg ep-block  chosen-\">\n                        <div class=\"show-frontend\">\n                <div class=\"inner\">\n                    <div class=\"holder\"><h3>AZ \u00c1SZF HAT\u00c1LYA<\/h3>\n<p>Ezen \u00c1ltal\u00e1nos Szerz\u0151d\u00e9si Felt\u00e9telek (a tov\u00e1bbiakban: \u00c1SZF) alapvet\u0151en jogi szem\u00e9lyek k\u00f6z\u00f6tti jog\u00fcgyletekre vonatkoznak az osztr\u00e1k t\u00e1rsas\u00e1gi t\u00f6rv\u00e9ny \u00a7 1. \u00a7 \u00e9rtelm\u00e9ben. Kiv\u00e9telesen fogyaszt\u00f3kkal k\u00f6t\u00f6tt jog\u00fcgyletek eset\u00e9n, az osztr\u00e1k fogyaszt\u00f3v\u00e9delmi t\u00f6rv\u00e9ny \u00a7 1. \u00a7 rendelkez\u00e9sei alkalmazand\u00f3ak, de csak abban az esetben, ha nem ellent\u00e9tesek e t\u00f6rv\u00e9ny rendelkez\u00e9seivel.<\/p>\n<p>Az \u00c1SZF vonatkozik a Weitzer Parkett Vertriebs GmbH, a Weitzer Parkett d.o.o. \u00e9s a Weitzer Parkett Sales Kft. c\u00e9gekre, kiv\u00e9ve, ha a szerz\u0151d\u0151 felek kifejezetten \u00e9s \u00edr\u00e1sban elt\u00e9r\u0151t \u00e1llap\u00edtottak meg. A v\u00e1s\u00e1rl\u00f3 \u00e1ltal el\u0151terjesztett, az \u00c1SZF-t\u0151l elt\u00e9r\u0151 vagy ellent\u00e9tes felt\u00e9telek nem \u00e9rv\u00e9nyes\u00edthet\u0151k. Az elad\u00f3 jelen \u00e1ltal\u00e1nos szerz\u0151d\u00e9si felt\u00e9telei akkor is \u00e9rv\u00e9nyesek, ha az elad\u00f3 a vev\u0151nek a jelen sz\u00e1ll\u00edt\u00e1si felt\u00e9telekkel ellent\u00e9tes vagy azokt\u00f3l elt\u00e9r\u0151 felt\u00e9teleinek tudom\u00e1sa ellen\u00e9re fenntart\u00e1s n\u00e9lk\u00fcl teljes\u00edti a sz\u00e1ll\u00edt\u00e1st.<\/p>\n<p>Az \u00fczletvezet\u00e9s \u00edr\u00e1sos meger\u0151s\u00edt\u00e9se sz\u00fcks\u00e9ges azon meg\u00e1llapod\u00e1sok eset\u00e9ben, amelyeket a k\u00fcls\u0151s vagy c\u00e9gen bel\u00fcli meg\u00e1llapod\u00e1s sor\u00e1n sz\u00f3ban vagy telefonon k\u00f6t\u00f6ttek. Az al\u00e1bbi, term\u00e9ksz\u00e1ll\u00edt\u00e1sra vonatkoz\u00f3 rendelkez\u00e9sek az elad\u00f3 \u00e1ltali egy\u00e9b teljes\u00edt\u00e9sekre is vonatkoznak. Az \u00c1SZF a vev\u0151vel a j\u00f6v\u0151ben k\u00f6tend\u0151 \u00fcgyletekre is \u00e9rv\u00e9nyes.<\/p>\n<h3>AJ\u00c1NLAT<\/h3>\n<p>Az elad\u00f3 \u00e1ltal adott aj\u00e1nlatok nem k\u00f6telez\u0151 \u00e9rv\u00e9ny\u0171ek \u00e9s k\u00f6telezetts\u00e9gek n\u00e9lk\u00fcliek. A rendel\u00e9seket \u00edr\u00e1sban, \u00e9s a kivitelez\u00e9si terv \u00e1tad\u00e1s\u00e1val egy\u00fctt kell leadni. A rendel\u00e9s csak az elad\u00f3 elfogad\u00e1s\u00e1val l\u00e9p \u00e9rv\u00e9nybe. Az elfogad\u00e1s akkor k\u00f6vetkezik be, ha az elad\u00f3 e-mailben vagy faxon kereszt\u00fcl k\u00fcld\u00f6tt rendel\u00e9si visszaigazol\u00e1st, \u00e9s a v\u00e1s\u00e1rl\u00f3 a visszaigazol\u00e1st\u00f3l sz\u00e1m\u00edtott h\u00e1rom munkanapon bel\u00fcl az abban foglaltaknak nem mond ellent. A v\u00e1s\u00e1rl\u00f3 m\u00f3dos\u00edt\u00e1sokat k\u00e9rhet, ha azokat az elad\u00f3nak a rendel\u00e9si visszaigazol\u00e1s k\u00e9zhezv\u00e9tel\u00e9t\u0151l sz\u00e1m\u00edtott 24 \u00f3r\u00e1n bel\u00fcl \u00edr\u00e1sban bejelenti.<\/p>\n<p>Az elad\u00f3 jogosult a rendel\u00e9st n\u00e9gy h\u00e9ten bel\u00fcl rendel\u00e9si visszaigazol\u00e1ssal elfogadni.<br \/>\nHa a vev\u0151 szerz\u0151d\u00e9st\u0151l az elad\u00f3 rendel\u00e9si visszaigazol\u00e1s\u00e1nak megk\u00fcld\u00e9s\u00e9t k\u00f6vet\u0151en k\u00edv\u00e1n el\u00e1llni, ehhez az elad\u00f3 hozz\u00e1j\u00e1rul\u00e1s\u00e1ra van sz\u00fcks\u00e9g. Ezen t\u00falmen\u0151en a vev\u0151 k\u00f6teles 1.000 eur\u00f3 nett\u00f3 term\u00e9k\u00e9rt\u00e9kig 100,00 eur\u00f3, az azt meghalad\u00f3 nett\u00f3 term\u00e9k\u00e9rt\u00e9kn\u00e9l 10% storn\u00f3d\u00edjat fizetni. A storn\u00f3d\u00edj k\u00fcl\u00f6n elsz\u00e1mol\u00e1sra ker\u00fcl. A storn\u00f3d\u00edj megfizet\u00e9se eset\u00e9n a vev\u0151 nem jogosult kedvezm\u00e9nyre. Egyedileg gy\u00e1rtott term\u00e9k eset\u00e9ben a v\u00e1s\u00e1rl\u00e1st\u00f3l val\u00f3 el\u00e1ll\u00e1s nem lehets\u00e9ges.<\/p>\n<h3>\u00c1RAK \u2013 FIZET\u00c9SI FELT\u00c9TELEK<\/h3>\n<p>Ha a rendel\u00e9si visszaigazol\u00e1sban nem rendelkeznek m\u00e1sk\u00e9ppen, az \u00e1rak a term\u00e9knek a gy\u00e1rb\u00f3l val\u00f3, v\u00e1mmentes, csomagol\u00e1s \u00e9s rakod\u00e1s n\u00e9lk\u00fcli \u00e1rak\u00e9nt \u00e9rtend\u0151k. Ezek k\u00fcl\u00f6n sz\u00e1ml\u00e1z\u00e1sra ker\u00fclnek. Meg\u00e1llapod\u00e1s szerinti nett\u00f3 term\u00e9k\u00e9rt\u00e9k eset\u00e9n a sz\u00e1ll\u00edt\u00e1s d\u00edjmentesen t\u00f6rt\u00e9nik, de rakod\u00e1s n\u00e9lk\u00fcl. Vas\u00fati expressz sz\u00e1ll\u00edt\u00e1sok \u00e9s csomagk\u00fcld\u0151 szolg\u00e1ltat\u00e1sok alapvet\u0151en nem d\u00edjmentesek.<\/p>\n<p>Az \u00e1rak mindig az elad\u00e1si visszaigazol\u00e1s idej\u00e9re vonatkoznak, \u00e9s k\u00fcl\u00f6n \u00edr\u00e1sos meg\u00e1llapod\u00e1s hi\u00e1ny\u00e1ban csak az elad\u00e1si visszaigazol\u00e1sban szerepl\u0151 mennyis\u00e9gekre vonatkoznak.<\/p>\n<p>Az elad\u00f3 fenntartja mag\u00e1nak a jogot, hogy az \u00e1rakat ar\u00e1nyosan emelje, ha a szerz\u0151d\u00e9s megk\u00f6t\u00e9se ut\u00e1n k\u00f6lts\u00e9gemelked\u00e9sek k\u00f6vetkeznek be, k\u00fcl\u00f6n\u00f6sen a kollekt\u00edv szerz\u0151d\u00e9sek vagy anyag\u00e1r emelked\u00e9s\u00e9nek k\u00f6vetkezt\u00e9ben. Amennyiben a megk\u00f6t\u00f6tt szerz\u0151d\u00e9sk\u00f6t\u00e9sben nem szerepelnek \u00e1rak, akkor a sz\u00e1ll\u00edt\u00e1s napj\u00e1n \u00e9rv\u00e9nyes \u00e9rt\u00e9kes\u00edt\u00e9si \u00e1rat kell felsz\u00e1molni. Az \u00e1r nem tartalmazza a jogszab\u00e1lyban el\u0151\u00edrt \u00e1ltal\u00e1nos forgalmi ad\u00f3t. Az \u00e1fa a sz\u00e1mla kibocs\u00e1t\u00e1s\u00e1nak napj\u00e1n a jogszab\u00e1lyi m\u00e9rt\u00e9kben k\u00fcl\u00f6n felt\u00fcntet\u00e9sre ker\u00fcl.<\/p>\n<p>Az elad\u00f3 jogosult elektronikus form\u00e1ban is ki\u00e1ll\u00edtani a vev\u0151 sz\u00e1m\u00e1ra a sz\u00e1ml\u00e1kat. A vev\u0151 kifejezetten beleegyezik az elad\u00f3 \u00e1ltal elektronikus form\u00e1ban k\u00fcld\u00f6tt sz\u00e1ml\u00e1k fogad\u00e1s\u00e1ba.<\/p>\n<p>Ha a rendel\u00e9si visszaigazol\u00e1sban nem rendelkeznek m\u00e1sk\u00e9ppen, a sz\u00e1ml\u00e1k teljes \u00f6sszeg\u0171 kiegyenl\u00edt\u00e9s\u00e9nek hat\u00e1rideje a sz\u00e1ll\u00edt\u00e1s id\u0151pontja, de legk\u00e9s\u0151bb a sz\u00e1mla ki\u00e1ll\u00edt\u00e1s\u00e1nak id\u0151pontja. Egyedi gy\u00e1rt\u00e1s eset\u00e9n a term\u00e9ket el\u0151re kell fizetni, \u00e9s az elad\u00f3 csak akkor k\u00f6teles a gy\u00e1rt\u00e1st megkezdeni, ha a v\u00e9tel\u00e1r teljes eg\u00e9sz\u00e9ben meg\u00e9rkezett. Amennyiben a vev\u0151 a sz\u00e1ml\u00e1t a rendel\u00e9si visszaigazol\u00e1s \u00e1tv\u00e9tele ut\u00e1ni 8 napon bel\u00fcl nem egyenl\u00edti ki, az elad\u00f3 nem k\u00f6teles a szerz\u0151d\u00e9sben foglaltakat teljes\u00edteni.<\/p>\n<p>Az elad\u00f3 jogosult el\u0151leget vagy fizet\u00e9si biztos\u00edt\u00e9kot k\u00e9rni, ha k\u00e9ts\u00e9gei vannak a vev\u0151 fizet\u00e9si hajland\u00f3s\u00e1g\u00e1r\u00f3l vagy fizet\u0151k\u00e9pess\u00e9g\u00e9r\u0151l. A sz\u00e1mla kiegyenl\u00edt\u00e9se kiz\u00e1r\u00f3lag a sz\u00e1ml\u00e1n megjel\u00f6lt fizet\u00e9si m\u00f3don teljes\u00edthet\u0151. Ezen t\u00falmen\u0151en bizonyos esetekben az elad\u00f3 jogosult a vev\u0151t\u0151l a kisz\u00e1ll\u00edt\u00e1s el\u0151re fizet\u00e9s\u00e9t k\u00e9rni. Ha t\u00f6bb f\u00fcgg\u0151ben l\u00e9v\u0151 k\u00f6vetel\u00e9s van, akkor a vev\u0151 fizet\u00e9seit minden esetben az id\u0151sebb k\u00f6vetel\u00e9sre vonatkoz\u00f3an sz\u00e1molj\u00e1k el. Ha az esed\u00e9kes k\u00f6vetel\u00e9seket k\u00fcls\u0151 behajt\u00e1sra (inkassz\u00f3iroda, \u00fcgyv\u00e9d) adt\u00e1k \u00e1t, a be\u00e9rkez\u0151 fizet\u00e9seket els\u0151sorban a behajt\u00e1s k\u00f6lts\u00e9geinek (k\u00e9sedelmi kamatok, eml\u00e9keztet\u0151, inkassz\u00f3 \u00e9s egy\u00e9b k\u00f6lts\u00e9gek) fedez\u00e9s\u00e9re haszn\u00e1lj\u00e1k fel. A megmaradt egyenlegeket a legid\u0151sebb k\u00f6vetel\u00e9sek sz\u00e1ll\u00edt\u00e1s\u00e1ra \u00e9s egy\u00e9b teljes\u00edt\u00e9sekre alkalmazz\u00e1k.<\/p>\n<p>A vev\u0151 csak akkor jogosult kedvezm\u00e9nyre, ha ez az elad\u00f3val \u00edr\u00e1sban kifejezetten meg\u00e1llapod\u00e1sra ker\u00fclt. Amennyiben el\u0151zetes meg\u00e1llapod\u00e1s alapj\u00e1n levonhat\u00f3 kedvezm\u00e9ny \u00e1ll a vev\u0151 rendelkez\u00e9s\u00e9re, az csak abban az esetben vonhat\u00f3 le, ha a kiegyenl\u00edt\u00e9s a sz\u00e1ml\u00e1n szerepl\u0151 fizet\u00e9si hat\u00e1rid\u0151n bel\u00fcl t\u00f6rt\u00e9nt, a kedvezm\u00e9ny m\u00e9rt\u00e9ke a meg\u00e1llapod\u00e1sban foglaltakkal megegyezik, \u00e9s az elad\u00f3 r\u00e9sz\u00e9r\u0151l a vev\u0151 fel\u00e9 nem \u00e1ll fenn tov\u00e1bbi k\u00f6vetel\u00e9s.<\/p>\n<\/div>\n                <\/div>\n            <\/div>\n            <\/div>","protected":false},"excerpt":{"rendered":"","protected":false},"author":1,"featured_media":0,"parent":0,"menu_order":0,"comment_status":"closed","ping_status":"closed","template":"","meta":{"_acf_changed":false,"footnotes":""},"class_list":["post-3492","page","type-page","status-publish","hentry"],"acf":[],"yoast_head":"<!-- This site is optimized with the Yoast SEO plugin v27.5 - https:\/\/yoast.com\/product\/yoast-seo-wordpress\/ -->\n<title>\u00c1ltal\u00e1nos Szerz\u0151d\u00e9si Felt\u00e9telek - W\u00e4rmeparkett<\/title>\n<meta name=\"description\" content=\"Diese AGB gelten, soweit die Vertragsparteien nicht ausdr\u00fccklich schriftlich Abweichendes vereinbart haben. Hier nachlesen.\" \/>\n<meta name=\"robots\" content=\"index, follow, max-snippet:-1, max-image-preview:large, max-video-preview:-1\" \/>\n<link rel=\"canonical\" href=\"https:\/\/www.weitzer-waermeparkett.com\/hu\/aszf\/\" \/>\n<meta property=\"og:locale\" content=\"hu_HU\" \/>\n<meta property=\"og:type\" content=\"article\" \/>\n<meta property=\"og:title\" content=\"\u00c1ltal\u00e1nos Szerz\u0151d\u00e9si Felt\u00e9telek - W\u00e4rmeparkett\" \/>\n<meta property=\"og:description\" content=\"Diese AGB gelten, soweit die Vertragsparteien nicht ausdr\u00fccklich schriftlich Abweichendes vereinbart haben. Hier nachlesen.\" \/>\n<meta property=\"og:url\" content=\"https:\/\/www.weitzer-waermeparkett.com\/hu\/aszf\/\" \/>\n<meta property=\"og:site_name\" content=\"W\u00e4rmeparkett\" \/>\n<meta property=\"article:modified_time\" content=\"2024-09-17T08:02:38+00:00\" \/>\n<meta name=\"twitter:card\" content=\"summary_large_image\" \/>\n<script type=\"application\/ld+json\" class=\"yoast-schema-graph\">{\"@context\":\"https:\\\/\\\/schema.org\",\"@graph\":[{\"@type\":\"WebPage\",\"@id\":\"https:\\\/\\\/www.weitzer-waermeparkett.com\\\/hu\\\/aszf\\\/\",\"url\":\"https:\\\/\\\/www.weitzer-waermeparkett.com\\\/hu\\\/aszf\\\/\",\"name\":\"\u00c1ltal\u00e1nos Szerz\u0151d\u00e9si Felt\u00e9telek - W\u00e4rmeparkett\",\"isPartOf\":{\"@id\":\"https:\\\/\\\/www.weitzer-waermeparkett.com\\\/hu\\\/#website\"},\"datePublished\":\"2021-02-17T07:14:52+00:00\",\"dateModified\":\"2024-09-17T08:02:38+00:00\",\"description\":\"Diese AGB gelten, soweit die Vertragsparteien nicht ausdr\u00fccklich schriftlich Abweichendes vereinbart haben. Hier nachlesen.\",\"breadcrumb\":{\"@id\":\"https:\\\/\\\/www.weitzer-waermeparkett.com\\\/hu\\\/aszf\\\/#breadcrumb\"},\"inLanguage\":\"hu\",\"potentialAction\":[{\"@type\":\"ReadAction\",\"target\":[\"https:\\\/\\\/www.weitzer-waermeparkett.com\\\/hu\\\/aszf\\\/\"]}]},{\"@type\":\"BreadcrumbList\",\"@id\":\"https:\\\/\\\/www.weitzer-waermeparkett.com\\\/hu\\\/aszf\\\/#breadcrumb\",\"itemListElement\":[{\"@type\":\"ListItem\",\"position\":1,\"name\":\"Home\",\"item\":\"https:\\\/\\\/www.weitzer-waermeparkett.com\\\/hu\\\/\"},{\"@type\":\"ListItem\",\"position\":2,\"name\":\"\u00c1ltal\u00e1nos Szerz\u0151d\u00e9si Felt\u00e9telek\"}]},{\"@type\":\"WebSite\",\"@id\":\"https:\\\/\\\/www.weitzer-waermeparkett.com\\\/hu\\\/#website\",\"url\":\"https:\\\/\\\/www.weitzer-waermeparkett.com\\\/hu\\\/\",\"name\":\"W\u00e4rmeparkett\",\"description\":\"Die smarte Art zu heizen.\",\"potentialAction\":[{\"@type\":\"SearchAction\",\"target\":{\"@type\":\"EntryPoint\",\"urlTemplate\":\"https:\\\/\\\/www.weitzer-waermeparkett.com\\\/hu\\\/?s={search_term_string}\"},\"query-input\":{\"@type\":\"PropertyValueSpecification\",\"valueRequired\":true,\"valueName\":\"search_term_string\"}}],\"inLanguage\":\"hu\"}]}<\/script>\n<!-- \/ Yoast SEO plugin. -->","yoast_head_json":{"title":"\u00c1ltal\u00e1nos Szerz\u0151d\u00e9si Felt\u00e9telek - W\u00e4rmeparkett","description":"Diese AGB gelten, soweit die Vertragsparteien nicht ausdr\u00fccklich schriftlich Abweichendes vereinbart haben. Hier nachlesen.","robots":{"index":"index","follow":"follow","max-snippet":"max-snippet:-1","max-image-preview":"max-image-preview:large","max-video-preview":"max-video-preview:-1"},"canonical":"https:\/\/www.weitzer-waermeparkett.com\/hu\/aszf\/","og_locale":"hu_HU","og_type":"article","og_title":"\u00c1ltal\u00e1nos Szerz\u0151d\u00e9si Felt\u00e9telek - W\u00e4rmeparkett","og_description":"Diese AGB gelten, soweit die Vertragsparteien nicht ausdr\u00fccklich schriftlich Abweichendes vereinbart haben. Hier nachlesen.","og_url":"https:\/\/www.weitzer-waermeparkett.com\/hu\/aszf\/","og_site_name":"W\u00e4rmeparkett","article_modified_time":"2024-09-17T08:02:38+00:00","twitter_card":"summary_large_image","schema":{"@context":"https:\/\/schema.org","@graph":[{"@type":"WebPage","@id":"https:\/\/www.weitzer-waermeparkett.com\/hu\/aszf\/","url":"https:\/\/www.weitzer-waermeparkett.com\/hu\/aszf\/","name":"\u00c1ltal\u00e1nos Szerz\u0151d\u00e9si Felt\u00e9telek - W\u00e4rmeparkett","isPartOf":{"@id":"https:\/\/www.weitzer-waermeparkett.com\/hu\/#website"},"datePublished":"2021-02-17T07:14:52+00:00","dateModified":"2024-09-17T08:02:38+00:00","description":"Diese AGB gelten, soweit die Vertragsparteien nicht ausdr\u00fccklich schriftlich Abweichendes vereinbart haben. Hier nachlesen.","breadcrumb":{"@id":"https:\/\/www.weitzer-waermeparkett.com\/hu\/aszf\/#breadcrumb"},"inLanguage":"hu","potentialAction":[{"@type":"ReadAction","target":["https:\/\/www.weitzer-waermeparkett.com\/hu\/aszf\/"]}]},{"@type":"BreadcrumbList","@id":"https:\/\/www.weitzer-waermeparkett.com\/hu\/aszf\/#breadcrumb","itemListElement":[{"@type":"ListItem","position":1,"name":"Home","item":"https:\/\/www.weitzer-waermeparkett.com\/hu\/"},{"@type":"ListItem","position":2,"name":"\u00c1ltal\u00e1nos Szerz\u0151d\u00e9si Felt\u00e9telek"}]},{"@type":"WebSite","@id":"https:\/\/www.weitzer-waermeparkett.com\/hu\/#website","url":"https:\/\/www.weitzer-waermeparkett.com\/hu\/","name":"W\u00e4rmeparkett","description":"Die smarte Art zu heizen.","potentialAction":[{"@type":"SearchAction","target":{"@type":"EntryPoint","urlTemplate":"https:\/\/www.weitzer-waermeparkett.com\/hu\/?s={search_term_string}"},"query-input":{"@type":"PropertyValueSpecification","valueRequired":true,"valueName":"search_term_string"}}],"inLanguage":"hu"}]}},"_links":{"self":[{"href":"https:\/\/www.weitzer-waermeparkett.com\/hu\/wp-json\/wp\/v2\/pages\/3492","targetHints":{"allow":["GET"]}}],"collection":[{"href":"https:\/\/www.weitzer-waermeparkett.com\/hu\/wp-json\/wp\/v2\/pages"}],"about":[{"href":"https:\/\/www.weitzer-waermeparkett.com\/hu\/wp-json\/wp\/v2\/types\/page"}],"author":[{"embeddable":true,"href":"https:\/\/www.weitzer-waermeparkett.com\/hu\/wp-json\/wp\/v2\/users\/1"}],"replies":[{"embeddable":true,"href":"https:\/\/www.weitzer-waermeparkett.com\/hu\/wp-json\/wp\/v2\/comments?post=3492"}],"version-history":[{"count":3,"href":"https:\/\/www.weitzer-waermeparkett.com\/hu\/wp-json\/wp\/v2\/pages\/3492\/revisions"}],"predecessor-version":[{"id":3612,"href":"https:\/\/www.weitzer-waermeparkett.com\/hu\/wp-json\/wp\/v2\/pages\/3492\/revisions\/3612"}],"wp:attachment":[{"href":"https:\/\/www.weitzer-waermeparkett.com\/hu\/wp-json\/wp\/v2\/media?parent=3492"}],"curies":[{"name":"wp","href":"https:\/\/api.w.org\/{rel}","templated":true}]}}